{"id":2,"date":"2021-10-23T00:09:28","date_gmt":"2021-10-23T00:09:28","guid":{"rendered":"http:\/\/mododeuso.jellyspa.com.br\/?page_id=2"},"modified":"2026-02-24T19:56:32","modified_gmt":"2026-02-24T19:56:32","slug":"pagina-principal","status":"publish","type":"page","link":"https:\/\/revenda.jellyspa.com.br\/en\/","title":{"rendered":"P\u00e1gina Principal"},"content":{"rendered":"<div data-elementor-type=\"wp-page\" data-elementor-id=\"2\" class=\"elementor elementor-2\" data-elementor-post-type=\"page\">\n\t\t\t\t\t\t<section class=\"elementor-section elementor-top-section elementor-element elementor-element-4ddef68a elementor-section-boxed elementor-section-height-default elementor-section-height-default\" data-id=\"4ddef68a\" data-element_type=\"section\">\n\t\t\t\t\t\t<div class=\"elementor-container elementor-column-gap-no\">\n\t\t\t\t\t<div class=\"elementor-column elementor-col-100 elementor-top-column elementor-element elementor-element-2cd3707b\" data-id=\"2cd3707b\" data-element_type=\"column\">\n\t\t\t<div class=\"elementor-widget-wrap elementor-element-populated\">\n\t\t\t\t\t\t<div class=\"elementor-element elementor-element-a8c7e8f elementor-widget elementor-widget-image\" data-id=\"a8c7e8f\" data-element_type=\"widget\" data-widget_type=\"image.default\">\n\t\t\t\t<div class=\"elementor-widget-container\">\n\t\t\t\t\t\t\t\t\t\t\t\t<figure class=\"wp-caption\">\n\t\t\t\t\t\t\t\t\t\t<img fetchpriority=\"high\" decoding=\"async\" width=\"800\" height=\"338\" src=\"https:\/\/revenda.jellyspa.com.br\/wp-content\/uploads\/2021\/12\/Capa-site-revenda-jelly.jpg\" class=\"attachment-large size-large wp-image-351\" alt=\"Jelly Spa\" srcset=\"https:\/\/revenda.jellyspa.com.br\/wp-content\/uploads\/2021\/12\/Capa-site-revenda-jelly.jpg 1000w, https:\/\/revenda.jellyspa.com.br\/wp-content\/uploads\/2021\/12\/Capa-site-revenda-jelly-300x127.jpg 300w, https:\/\/revenda.jellyspa.com.br\/wp-content\/uploads\/2021\/12\/Capa-site-revenda-jelly-768x325.jpg 768w\" sizes=\"(max-width: 800px) 100vw, 800px\" \/>\t\t\t\t\t\t\t\t\t\t\t<figcaption class=\"widget-image-caption wp-caption-text\"><\/figcaption>\n\t\t\t\t\t\t\t\t\t\t<\/figure>\n\t\t\t\t\t\t\t\t\t<\/div>\n\t\t\t\t<\/div>\n\t\t\t\t<div class=\"elementor-element elementor-element-45d0f27 elementor-widget elementor-widget-text-editor\" data-id=\"45d0f27\" data-element_type=\"widget\" data-widget_type=\"text-editor.default\">\n\t\t\t\t<div class=\"elementor-widget-container\">\n\t\t\t\t\t\t\t\t\t<p>Jelly Spa is a line of products designated for hand and foot spa. It is a true sensory and aromatic experience, that offers physical and emotional health benefits!<\/p>\t\t\t\t\t\t\t\t<\/div>\n\t\t\t\t<\/div>\n\t\t\t\t\t<\/div>\n\t\t<\/div>\n\t\t\t\t\t<\/div>\n\t\t<\/section>\n\t\t\t\t<section class=\"elementor-section elementor-top-section elementor-element elementor-element-4b2d2a3 elementor-section-boxed elementor-section-height-default elementor-section-height-default\" data-id=\"4b2d2a3\" data-element_type=\"section\">\n\t\t\t\t\t\t<div class=\"elementor-container elementor-column-gap-default\">\n\t\t\t\t\t<div class=\"elementor-column elementor-col-50 elementor-top-column elementor-element elementor-element-8076432\" data-id=\"8076432\" data-element_type=\"column\">\n\t\t\t<div class=\"elementor-widget-wrap elementor-element-populated\">\n\t\t\t\t\t\t<div class=\"elementor-element elementor-element-231bb00 elementor-widget elementor-widget-image\" data-id=\"231bb00\" data-element_type=\"widget\" data-widget_type=\"image.default\">\n\t\t\t\t<div class=\"elementor-widget-container\">\n\t\t\t\t\t\t\t\t\t\t\t\t<figure class=\"wp-caption\">\n\t\t\t\t\t\t\t\t\t\t\t<a href=\"https:\/\/www.jellyspa.com.br\/jelly-spa\/jelly-spa-equilibrio-tranquilidade-e-harmonia-100g\">\n\t\t\t\t\t\t\t<img decoding=\"async\" width=\"500\" height=\"548\" src=\"https:\/\/revenda.jellyspa.com.br\/wp-content\/uploads\/2021\/12\/IMG_3310_site.jpg\" class=\"attachment-large size-large wp-image-308\" alt=\"Jelly Spa Equil\u00edbrio\" srcset=\"https:\/\/revenda.jellyspa.com.br\/wp-content\/uploads\/2021\/12\/IMG_3310_site.jpg 500w, https:\/\/revenda.jellyspa.com.br\/wp-content\/uploads\/2021\/12\/IMG_3310_site-274x300.jpg 274w\" sizes=\"(max-width: 500px) 100vw, 500px\" \/>\t\t\t\t\t\t\t\t<\/a>\n\t\t\t\t\t\t\t\t\t\t\t<figcaption class=\"widget-image-caption wp-caption-text\"><\/figcaption>\n\t\t\t\t\t\t\t\t\t\t<\/figure>\n\t\t\t\t\t\t\t\t\t<\/div>\n\t\t\t\t<\/div>\n\t\t\t\t<div class=\"elementor-element elementor-element-80dfcff elementor-widget elementor-widget-text-editor\" data-id=\"80dfcff\" data-element_type=\"widget\" data-widget_type=\"text-editor.default\">\n\t\t\t\t<div class=\"elementor-widget-container\">\n\t\t\t\t\t\t\t\t\t<p>The Jelly Spa Balance has natural essential oils of Bergamot and Mint. Indicated to bring balance and mood, helps in cases of anxiety and emotional out of control.<\/p>\t\t\t\t\t\t\t\t<\/div>\n\t\t\t\t<\/div>\n\t\t\t\t\t<\/div>\n\t\t<\/div>\n\t\t\t\t<div class=\"elementor-column elementor-col-50 elementor-top-column elementor-element elementor-element-746cfb7\" data-id=\"746cfb7\" data-element_type=\"column\">\n\t\t\t<div class=\"elementor-widget-wrap elementor-element-populated\">\n\t\t\t\t\t\t<div class=\"elementor-element elementor-element-a51d8e6 elementor-widget elementor-widget-image\" data-id=\"a51d8e6\" data-element_type=\"widget\" data-widget_type=\"image.default\">\n\t\t\t\t<div class=\"elementor-widget-container\">\n\t\t\t\t\t\t\t\t\t\t\t\t<figure class=\"wp-caption\">\n\t\t\t\t\t\t\t\t\t\t\t<a href=\"https:\/\/www.jellyspa.com.br\/jelly-spa\/jelly-spa-inspiracao-otimismo-e-foco-100g\" target=\"_blank\">\n\t\t\t\t\t\t\t<img decoding=\"async\" width=\"2560\" height=\"2535\" src=\"https:\/\/revenda.jellyspa.com.br\/wp-content\/uploads\/2021\/12\/IMG_3484_Tratada-scaled.jpg\" class=\"attachment-full size-full wp-image-327\" alt=\"O Jelly Spa Inspira\u00e7\u00e3o \u00e9 um blend de oleos essenciais que traz \u00e2nimo e otimismo como resultado da aromaterapia \u00e0 base de Lavanda, Lim\u00e3o Siciliano e Menta\" srcset=\"https:\/\/revenda.jellyspa.com.br\/wp-content\/uploads\/2021\/12\/IMG_3484_Tratada-scaled.jpg 2560w, https:\/\/revenda.jellyspa.com.br\/wp-content\/uploads\/2021\/12\/IMG_3484_Tratada-300x297.jpg 300w, https:\/\/revenda.jellyspa.com.br\/wp-content\/uploads\/2021\/12\/IMG_3484_Tratada-1024x1014.jpg 1024w, https:\/\/revenda.jellyspa.com.br\/wp-content\/uploads\/2021\/12\/IMG_3484_Tratada-150x150.jpg 150w, https:\/\/revenda.jellyspa.com.br\/wp-content\/uploads\/2021\/12\/IMG_3484_Tratada-768x761.jpg 768w, https:\/\/revenda.jellyspa.com.br\/wp-content\/uploads\/2021\/12\/IMG_3484_Tratada-1536x1521.jpg 1536w, https:\/\/revenda.jellyspa.com.br\/wp-content\/uploads\/2021\/12\/IMG_3484_Tratada-2048x2028.jpg 2048w\" sizes=\"(max-width: 2560px) 100vw, 2560px\" \/>\t\t\t\t\t\t\t\t<\/a>\n\t\t\t\t\t\t\t\t\t\t\t<figcaption class=\"widget-image-caption wp-caption-text\"><\/figcaption>\n\t\t\t\t\t\t\t\t\t\t<\/figure>\n\t\t\t\t\t\t\t\t\t<\/div>\n\t\t\t\t<\/div>\n\t\t\t\t<div class=\"elementor-element elementor-element-9e431cd elementor-widget elementor-widget-text-editor\" data-id=\"9e431cd\" data-element_type=\"widget\" data-widget_type=\"text-editor.default\">\n\t\t\t\t<div class=\"elementor-widget-container\">\n\t\t\t\t\t\t\t\t\t<p>Jelly Spa Inspiration has natural essential oils of Lavender, Sicilian Lemon and Mint. Indicated for moments of indecision, it increases inner happiness and optimism.<\/p>\t\t\t\t\t\t\t\t<\/div>\n\t\t\t\t<\/div>\n\t\t\t\t\t<\/div>\n\t\t<\/div>\n\t\t\t\t\t<\/div>\n\t\t<\/section>\n\t\t\t\t<section class=\"elementor-section elementor-top-section elementor-element elementor-element-213f77b elementor-section-boxed elementor-section-height-default elementor-section-height-default\" data-id=\"213f77b\" data-element_type=\"section\">\n\t\t\t\t\t\t<div class=\"elementor-container elementor-column-gap-default\">\n\t\t\t\t\t<div class=\"elementor-column elementor-col-50 elementor-top-column elementor-element elementor-element-70301e2\" data-id=\"70301e2\" data-element_type=\"column\">\n\t\t\t<div class=\"elementor-widget-wrap elementor-element-populated\">\n\t\t\t\t\t\t<div class=\"elementor-element elementor-element-5995735 elementor-widget elementor-widget-image\" data-id=\"5995735\" data-element_type=\"widget\" data-widget_type=\"image.default\">\n\t\t\t\t<div class=\"elementor-widget-container\">\n\t\t\t\t\t\t\t\t\t\t\t\t<figure class=\"wp-caption\">\n\t\t\t\t\t\t\t\t\t\t\t<a href=\"https:\/\/www.jellyspa.com.br\/jelly-spa\/jelly-spa-bem-estar-humor-e-alegria-100g\" target=\"_blank\">\n\t\t\t\t\t\t\t<img decoding=\"async\" src=\"https:\/\/revenda.jellyspa.com.br\/wp-content\/uploads\/elementor\/thumbs\/IMG_3321_site-pi5sg3na6edn7pdxbddh0lklcbil2am1vwrrqyjnu6.jpg\" title=\"IMG_3321_site\" alt=\"O Jelly Spa Bem Estar \u00e9 um blend de oleos essenciais que traz humor e alegria, como resultado da aromaterapia \u00e0 base de Alecrim, Cedro e Laranja\" loading=\"lazy\" \/>\t\t\t\t\t\t\t\t<\/a>\n\t\t\t\t\t\t\t\t\t\t\t<figcaption class=\"widget-image-caption wp-caption-text\"><\/figcaption>\n\t\t\t\t\t\t\t\t\t\t<\/figure>\n\t\t\t\t\t\t\t\t\t<\/div>\n\t\t\t\t<\/div>\n\t\t\t\t<div class=\"elementor-element elementor-element-c3975b7 elementor-widget elementor-widget-text-editor\" data-id=\"c3975b7\" data-element_type=\"widget\" data-widget_type=\"text-editor.default\">\n\t\t\t\t<div class=\"elementor-widget-container\">\n\t\t\t\t\t\t\t\t\t<p style=\"padding-left: 40px;\">Jelly Spa Well-Being has natural essential oils of Rosemary, Cedar wood and Orange. Indicated to help with mood swings, relieve stress and restore serenity.<\/p>\t\t\t\t\t\t\t\t<\/div>\n\t\t\t\t<\/div>\n\t\t\t\t\t<\/div>\n\t\t<\/div>\n\t\t\t\t<div class=\"elementor-column elementor-col-50 elementor-top-column elementor-element elementor-element-2cb5160\" data-id=\"2cb5160\" data-element_type=\"column\">\n\t\t\t<div class=\"elementor-widget-wrap elementor-element-populated\">\n\t\t\t\t\t\t<div class=\"elementor-element elementor-element-beced79 elementor-widget elementor-widget-image\" data-id=\"beced79\" data-element_type=\"widget\" data-widget_type=\"image.default\">\n\t\t\t\t<div class=\"elementor-widget-container\">\n\t\t\t\t\t\t\t\t\t\t\t\t<figure class=\"wp-caption\">\n\t\t\t\t\t\t\t\t\t\t\t<a href=\"https:\/\/www.jellyspa.com.br\/jelly-spa\/jelly-spa-relax-anti-stress-e-calmante-100g\" target=\"_blank\">\n\t\t\t\t\t\t\t<img loading=\"lazy\" decoding=\"async\" width=\"500\" height=\"521\" src=\"https:\/\/revenda.jellyspa.com.br\/wp-content\/uploads\/2021\/12\/IMG_3393_site.jpg\" class=\"attachment-full size-full wp-image-329\" alt=\"\" srcset=\"https:\/\/revenda.jellyspa.com.br\/wp-content\/uploads\/2021\/12\/IMG_3393_site.jpg 500w, https:\/\/revenda.jellyspa.com.br\/wp-content\/uploads\/2021\/12\/IMG_3393_site-288x300.jpg 288w\" sizes=\"(max-width: 500px) 100vw, 500px\" \/>\t\t\t\t\t\t\t\t<\/a>\n\t\t\t\t\t\t\t\t\t\t\t<figcaption class=\"widget-image-caption wp-caption-text\"><\/figcaption>\n\t\t\t\t\t\t\t\t\t\t<\/figure>\n\t\t\t\t\t\t\t\t\t<\/div>\n\t\t\t\t<\/div>\n\t\t\t\t<div class=\"elementor-element elementor-element-aeb14d1 elementor-widget elementor-widget-text-editor\" data-id=\"aeb14d1\" data-element_type=\"widget\" data-widget_type=\"text-editor.default\">\n\t\t\t\t<div class=\"elementor-widget-container\">\n\t\t\t\t\t\t\t\t\t<p style=\"padding-left: 40px;\">Jelly Spa Relax has natural essential oils of Lavender, Orange and Cedar wood. Indicated for stress relief and relaxation.<\/p>\t\t\t\t\t\t\t\t<\/div>\n\t\t\t\t<\/div>\n\t\t\t\t\t<\/div>\n\t\t<\/div>\n\t\t\t\t\t<\/div>\n\t\t<\/section>\n\t\t\t\t<section class=\"elementor-section elementor-top-section elementor-element elementor-element-77c6dae8 elementor-section-content-middle elementor-section-boxed elementor-section-height-default elementor-section-height-default\" data-id=\"77c6dae8\" data-element_type=\"section\" data-settings=\"{&quot;background_background&quot;:&quot;classic&quot;}\">\n\t\t\t\t\t\t\t<div class=\"elementor-background-overlay\"><\/div>\n\t\t\t\t\t\t\t<div class=\"elementor-container elementor-column-gap-no\">\n\t\t\t\t\t<div class=\"elementor-column elementor-col-100 elementor-top-column elementor-element elementor-element-19fe5a58\" data-id=\"19fe5a58\" data-element_type=\"column\">\n\t\t\t<div class=\"elementor-widget-wrap elementor-element-populated\">\n\t\t\t\t\t\t<div class=\"elementor-element elementor-element-3983a16a elementor-widget elementor-widget-heading\" data-id=\"3983a16a\" data-element_type=\"widget\" data-widget_type=\"heading.default\">\n\t\t\t\t<div class=\"elementor-widget-container\">\n\t\t\t\t\t<h4 class=\"elementor-heading-title elementor-size-default\">Quer trabalhar com nossos produtos?<\/h4>\t\t\t\t<\/div>\n\t\t\t\t<\/div>\n\t\t\t\t<div class=\"elementor-element elementor-element-992a347 elementor-widget elementor-widget-heading\" data-id=\"992a347\" data-element_type=\"widget\" data-widget_type=\"heading.default\">\n\t\t\t\t<div class=\"elementor-widget-container\">\n\t\t\t\t\t<h5 class=\"elementor-heading-title elementor-size-default\">Conhe\u00e7a nossas ofertas no atacado!<\/h5>\t\t\t\t<\/div>\n\t\t\t\t<\/div>\n\t\t\t\t<div class=\"elementor-element elementor-element-ff2eb28 elementor-align-center elementor-invisible elementor-widget elementor-widget-button\" data-id=\"ff2eb28\" data-element_type=\"widget\" data-settings=\"{&quot;_animation&quot;:&quot;fadeIn&quot;,&quot;_animation_delay&quot;:&quot;200&quot;}\" data-widget_type=\"button.default\">\n\t\t\t\t<div class=\"elementor-widget-container\">\n\t\t\t\t\t\t\t\t\t<div class=\"elementor-button-wrapper\">\n\t\t\t\t\t<a class=\"elementor-button elementor-button-link elementor-size-sm\" href=\"\/en\/seja-revendedor\/\">\n\t\t\t\t\t\t<span class=\"elementor-button-content-wrapper\">\n\t\t\t\t\t\t\t\t\t<span class=\"elementor-button-text\">CONHECER<\/span>\n\t\t\t\t\t<\/span>\n\t\t\t\t\t<\/a>\n\t\t\t\t<\/div>\n\t\t\t\t\t\t\t\t<\/div>\n\t\t\t\t<\/div>\n\t\t\t\t\t<\/div>\n\t\t<\/div>\n\t\t\t\t\t<\/div>\n\t\t<\/section>\n\t\t\t\t<\/div>","protected":false},"excerpt":{"rendered":"<p>Jelly Spa \u00e9 um banho de imers\u00e3o em gel com oleos essenciais que traz relaxamento e bem-estar aliado aos benef\u00edcios da aromaterapia. O Jelly Spa Equilibrio \u00e9 um blend de oleos essenciais que traz equil\u00edbrio emocional e serenidade como resultado da aromaterapia \u00e0 base de Bergamota e Menta O Jelly Spa Inspira\u00e7\u00e3o \u00e9 um blend [&hellip;]<\/p>","protected":false},"author":1,"featured_media":0,"parent":0,"menu_order":0,"comment_status":"closed","ping_status":"closed","template":"elementor_header_footer","meta":{"footnotes":""},"class_list":["post-2","page","type-page","status-publish","hentry"],"_links":{"self":[{"href":"https:\/\/revenda.jellyspa.com.br\/en\/wp-json\/wp\/v2\/pages\/2","targetHints":{"allow":["GET"]}}],"collection":[{"href":"https:\/\/revenda.jellyspa.com.br\/en\/wp-json\/wp\/v2\/pages"}],"about":[{"href":"https:\/\/revenda.jellyspa.com.br\/en\/wp-json\/wp\/v2\/types\/page"}],"author":[{"embeddable":true,"href":"https:\/\/revenda.jellyspa.com.br\/en\/wp-json\/wp\/v2\/users\/1"}],"replies":[{"embeddable":true,"href":"https:\/\/revenda.jellyspa.com.br\/en\/wp-json\/wp\/v2\/comments?post=2"}],"version-history":[{"count":91,"href":"https:\/\/revenda.jellyspa.com.br\/en\/wp-json\/wp\/v2\/pages\/2\/revisions"}],"predecessor-version":[{"id":934,"href":"https:\/\/revenda.jellyspa.com.br\/en\/wp-json\/wp\/v2\/pages\/2\/revisions\/934"}],"wp:attachment":[{"href":"https:\/\/revenda.jellyspa.com.br\/en\/wp-json\/wp\/v2\/media?parent=2"}],"curies":[{"name":"wp","href":"https:\/\/api.w.org\/{rel}","templated":true}]}}