{"id":886,"date":"2026-02-24T14:56:54","date_gmt":"2026-02-24T14:56:54","guid":{"rendered":"https:\/\/revenda.jellyspa.com.br\/?page_id=886"},"modified":"2026-02-26T19:51:04","modified_gmt":"2026-02-26T19:51:04","slug":"formulario","status":"publish","type":"page","link":"https:\/\/revenda.jellyspa.com.br\/en\/formulario\/","title":{"rendered":"Formul\u00e1rio"},"content":{"rendered":"<div data-elementor-type=\"wp-page\" data-elementor-id=\"886\" class=\"elementor elementor-886\" data-elementor-post-type=\"page\">\n\t\t\t\t\t\t<section class=\"elementor-section elementor-top-section elementor-element elementor-element-d47f959 elementor-section-boxed elementor-section-height-default elementor-section-height-default\" data-id=\"d47f959\" data-element_type=\"section\">\n\t\t\t\t\t\t<div class=\"elementor-container elementor-column-gap-default\">\n\t\t\t\t\t<div class=\"elementor-column elementor-col-100 elementor-top-column elementor-element elementor-element-4f8f7fd\" data-id=\"4f8f7fd\" data-element_type=\"column\">\n\t\t\t<div class=\"elementor-widget-wrap elementor-element-populated\">\n\t\t\t\t\t\t<div class=\"elementor-element elementor-element-fe33a71 elementor-widget elementor-widget-heading\" data-id=\"fe33a71\" data-element_type=\"widget\" data-widget_type=\"heading.default\">\n\t\t\t\t<div class=\"elementor-widget-container\">\n\t\t\t\t\t<h2 class=\"elementor-heading-title elementor-size-default\">Transforme seu Spa dos P\u00e9s e m\u00e3os no servi\u00e7o mais lucrativo da sua agenda.<\/h2>\t\t\t\t<\/div>\n\t\t\t\t<\/div>\n\t\t\t\t\t<\/div>\n\t\t<\/div>\n\t\t\t\t\t<\/div>\n\t\t<\/section>\n\t\t\t\t<section class=\"elementor-section elementor-top-section elementor-element elementor-element-9f9c866 elementor-section-boxed elementor-section-height-default elementor-section-height-default\" data-id=\"9f9c866\" data-element_type=\"section\">\n\t\t\t\t\t\t<div class=\"elementor-container elementor-column-gap-default\">\n\t\t\t\t\t<div class=\"elementor-column elementor-col-100 elementor-top-column elementor-element elementor-element-ec064f2\" data-id=\"ec064f2\" data-element_type=\"column\">\n\t\t\t<div class=\"elementor-widget-wrap elementor-element-populated\">\n\t\t\t\t\t\t<div class=\"elementor-element elementor-element-14e2613 elementor-widget elementor-widget-text-editor\" data-id=\"14e2613\" data-element_type=\"widget\" data-widget_type=\"text-editor.default\">\n\t\t\t\t<div class=\"elementor-widget-container\">\n\t\t\t\t\t\t\t\t\t<p>Protocolo validado, kit profissional estruturado e orienta\u00e7\u00e3o estrat\u00e9gica para aumentar seu ticket sem precisar atender mais.<\/p>\t\t\t\t\t\t\t\t<\/div>\n\t\t\t\t<\/div>\n\t\t\t\t\t<\/div>\n\t\t<\/div>\n\t\t\t\t\t<\/div>\n\t\t<\/section>\n\t\t\t\t<section class=\"elementor-section elementor-top-section elementor-element elementor-element-d8e4958 elementor-section-boxed elementor-section-height-default elementor-section-height-default\" data-id=\"d8e4958\" data-element_type=\"section\">\n\t\t\t\t\t\t<div class=\"elementor-container elementor-column-gap-default\">\n\t\t\t\t\t<div class=\"elementor-column elementor-col-100 elementor-top-column elementor-element elementor-element-89f5b39\" data-id=\"89f5b39\" data-element_type=\"column\">\n\t\t\t<div class=\"elementor-widget-wrap elementor-element-populated\">\n\t\t\t\t\t\t<div class=\"elementor-element elementor-element-feff322 elementor-widget elementor-widget-html\" data-id=\"feff322\" data-element_type=\"widget\" data-widget_type=\"html.default\">\n\t\t\t\t<div class=\"elementor-widget-container\">\n\t\t\t\t\t<iframe width=\"600\" height=\"850\" src=\"https:\/\/painel.multicosmeticos.com.br\/forms\/wtl\/12fd762908b90741c65a4adcd74487db\" frameborder=\"0\" sandbox=\"allow-top-navigation allow-forms allow-scripts allow-same-origin allow-popups\" allowfullscreen><\/iframe>\t\t\t\t<\/div>\n\t\t\t\t<\/div>\n\t\t\t\t\t<\/div>\n\t\t<\/div>\n\t\t\t\t\t<\/div>\n\t\t<\/section>\n\t\t\t\t<\/div>","protected":false},"excerpt":{"rendered":"<p>Transforme seu Spa dos P\u00e9s e m\u00e3os no servi\u00e7o mais lucrativo da sua agenda. Protocolo validado, kit profissional estruturado e orienta\u00e7\u00e3o estrat\u00e9gica para aumentar seu ticket sem precisar atender mais.<\/p>","protected":false},"author":1,"featured_media":0,"parent":0,"menu_order":0,"comment_status":"closed","ping_status":"closed","template":"elementor_header_footer","meta":{"footnotes":""},"class_list":["post-886","page","type-page","status-publish","hentry"],"_links":{"self":[{"href":"https:\/\/revenda.jellyspa.com.br\/en\/wp-json\/wp\/v2\/pages\/886","targetHints":{"allow":["GET"]}}],"collection":[{"href":"https:\/\/revenda.jellyspa.com.br\/en\/wp-json\/wp\/v2\/pages"}],"about":[{"href":"https:\/\/revenda.jellyspa.com.br\/en\/wp-json\/wp\/v2\/types\/page"}],"author":[{"embeddable":true,"href":"https:\/\/revenda.jellyspa.com.br\/en\/wp-json\/wp\/v2\/users\/1"}],"replies":[{"embeddable":true,"href":"https:\/\/revenda.jellyspa.com.br\/en\/wp-json\/wp\/v2\/comments?post=886"}],"version-history":[{"count":41,"href":"https:\/\/revenda.jellyspa.com.br\/en\/wp-json\/wp\/v2\/pages\/886\/revisions"}],"predecessor-version":[{"id":1030,"href":"https:\/\/revenda.jellyspa.com.br\/en\/wp-json\/wp\/v2\/pages\/886\/revisions\/1030"}],"wp:attachment":[{"href":"https:\/\/revenda.jellyspa.com.br\/en\/wp-json\/wp\/v2\/media?parent=886"}],"curies":[{"name":"wp","href":"https:\/\/api.w.org\/{rel}","templated":true}]}}